{"id":1085,"date":"2015-02-18T21:43:07","date_gmt":"2015-02-18T21:43:07","guid":{"rendered":"http:\/\/www.losmusicosdesualteza.com\/?page_id=1085"},"modified":"2017-09-10T23:30:46","modified_gmt":"2017-09-10T23:30:46","slug":"mvsa","status":"publish","type":"page","link":"https:\/\/www.losmusicosdesualteza.com\/en\/mvsa\/","title":{"rendered":"MVSA"},"content":{"rendered":"<div id=\"cs-content\" class=\"cs-content\"><\/div>\n","protected":false},"excerpt":{"rendered":"<p>Los M\u00fasicos de Su Alteza Emotion, freshness and historical rigour define them. A finely balanced blend of research, intuition and imagination, based on the highest respect for the original work of the great masters of &#8230; <a href=\"https:\/\/www.losmusicosdesualteza.com\/en\/mvsa\/\" class=\"more-link\">Read More<\/a><\/p>\n","protected":false},"author":1,"featured_media":0,"parent":0,"menu_order":0,"comment_status":"closed","ping_status":"closed","template":"template-blank-4.php","meta":{"footnotes":""},"class_list":["post-1085","page","type-page","status-publish","hentry","no-post-thumbnail"],"yoast_head":"<!-- This site is optimized with the Yoast SEO plugin v27.1.1 - https:\/\/yoast.com\/product\/yoast-seo-wordpress\/ -->\n<title>MVSA - Los M\u00fasicos De Su Alteza<\/title>\n<meta name=\"robots\" content=\"index, follow, max-snippet:-1, max-image-preview:large, max-video-preview:-1\" \/>\n<link rel=\"canonical\" href=\"https:\/\/www.losmusicosdesualteza.com\/en\/mvsa\/\" \/>\n<meta property=\"og:locale\" content=\"en_US\" \/>\n<meta property=\"og:type\" content=\"article\" \/>\n<meta property=\"og:title\" content=\"MVSA - Los M\u00fasicos De Su Alteza\" \/>\n<meta property=\"og:description\" content=\"Los M\u00fasicos de Su Alteza Emotion, freshness and historical rigour define them. A finely balanced blend of research, intuition and imagination, based on the highest respect for the original work of the great masters of ... Read More\" \/>\n<meta property=\"og:url\" content=\"https:\/\/www.losmusicosdesualteza.com\/en\/mvsa\/\" \/>\n<meta property=\"og:site_name\" content=\"Los M\u00fasicos De Su Alteza\" \/>\n<meta property=\"article:publisher\" content=\"https:\/\/www.facebook.com\/losmusicosdesualteza\" \/>\n<meta property=\"article:modified_time\" content=\"2017-09-10T23:30:46+00:00\" \/>\n<meta property=\"og:image\" content=\"http:\/\/www.losmusicosdesualteza.com\/wp-content\/uploads\/2015\/12\/4-188x300.jpg\" \/>\n<meta name=\"twitter:card\" content=\"summary_large_image\" \/>\n<meta name=\"twitter:label1\" content=\"Est. reading time\" \/>\n\t<meta name=\"twitter:data1\" content=\"17 minutes\" \/>\n<script type=\"application\/ld+json\" class=\"yoast-schema-graph\">{\"@context\":\"https:\/\/schema.org\",\"@graph\":[{\"@type\":\"WebPage\",\"@id\":\"https:\/\/www.losmusicosdesualteza.com\/en\/mvsa\/\",\"url\":\"https:\/\/www.losmusicosdesualteza.com\/en\/mvsa\/\",\"name\":\"MVSA - Los M\u00fasicos De Su Alteza\",\"isPartOf\":{\"@id\":\"https:\/\/www.losmusicosdesualteza.com\/en\/#website\"},\"primaryImageOfPage\":{\"@id\":\"https:\/\/www.losmusicosdesualteza.com\/en\/mvsa\/#primaryimage\"},\"image\":{\"@id\":\"https:\/\/www.losmusicosdesualteza.com\/en\/mvsa\/#primaryimage\"},\"thumbnailUrl\":\"http:\/\/www.losmusicosdesualteza.com\/wp-content\/uploads\/2015\/12\/4-188x300.jpg\",\"datePublished\":\"2015-02-18T21:43:07+00:00\",\"dateModified\":\"2017-09-10T23:30:46+00:00\",\"breadcrumb\":{\"@id\":\"https:\/\/www.losmusicosdesualteza.com\/en\/mvsa\/#breadcrumb\"},\"inLanguage\":\"en-US\",\"potentialAction\":[{\"@type\":\"ReadAction\",\"target\":[\"https:\/\/www.losmusicosdesualteza.com\/en\/mvsa\/\"]}]},{\"@type\":\"ImageObject\",\"inLanguage\":\"en-US\",\"@id\":\"https:\/\/www.losmusicosdesualteza.com\/en\/mvsa\/#primaryimage\",\"url\":\"http:\/\/www.losmusicosdesualteza.com\/wp-content\/uploads\/2015\/12\/4-188x300.jpg\",\"contentUrl\":\"http:\/\/www.losmusicosdesualteza.com\/wp-content\/uploads\/2015\/12\/4-188x300.jpg\"},{\"@type\":\"BreadcrumbList\",\"@id\":\"https:\/\/www.losmusicosdesualteza.com\/en\/mvsa\/#breadcrumb\",\"itemListElement\":[{\"@type\":\"ListItem\",\"position\":1,\"name\":\"Portada\",\"item\":\"https:\/\/www.losmusicosdesualteza.com\/en\/\"},{\"@type\":\"ListItem\",\"position\":2,\"name\":\"MVSA\"}]},{\"@type\":\"WebSite\",\"@id\":\"https:\/\/www.losmusicosdesualteza.com\/en\/#website\",\"url\":\"https:\/\/www.losmusicosdesualteza.com\/en\/\",\"name\":\"Los M\u00fasicos De Su Alteza\",\"description\":\"Los M\u00fasicos de Su Alteza - Luis Antonio Gonz\u00e1lez\",\"publisher\":{\"@id\":\"https:\/\/www.losmusicosdesualteza.com\/en\/#organization\"},\"potentialAction\":[{\"@type\":\"SearchAction\",\"target\":{\"@type\":\"EntryPoint\",\"urlTemplate\":\"https:\/\/www.losmusicosdesualteza.com\/en\/?s={search_term_string}\"},\"query-input\":{\"@type\":\"PropertyValueSpecification\",\"valueRequired\":true,\"valueName\":\"search_term_string\"}}],\"inLanguage\":\"en-US\"},{\"@type\":\"Organization\",\"@id\":\"https:\/\/www.losmusicosdesualteza.com\/en\/#organization\",\"name\":\"Los M\u00fasicos De Su Alteza\",\"url\":\"https:\/\/www.losmusicosdesualteza.com\/en\/\",\"logo\":{\"@type\":\"ImageObject\",\"inLanguage\":\"en-US\",\"@id\":\"https:\/\/www.losmusicosdesualteza.com\/en\/#\/schema\/logo\/image\/\",\"url\":\"https:\/\/www.losmusicosdesualteza.com\/wp-content\/uploads\/2015\/12\/Logo-MVSA.png\",\"contentUrl\":\"https:\/\/www.losmusicosdesualteza.com\/wp-content\/uploads\/2015\/12\/Logo-MVSA.png\",\"width\":450,\"height\":405,\"caption\":\"Los M\u00fasicos De Su Alteza\"},\"image\":{\"@id\":\"https:\/\/www.losmusicosdesualteza.com\/en\/#\/schema\/logo\/image\/\"},\"sameAs\":[\"https:\/\/www.facebook.com\/losmusicosdesualteza\",\"https:\/\/www.instagram.com\/losmusicosdesualteza\"]}]}<\/script>\n<!-- \/ Yoast SEO plugin. -->","yoast_head_json":{"title":"MVSA - Los M\u00fasicos De Su Alteza","robots":{"index":"index","follow":"follow","max-snippet":"max-snippet:-1","max-image-preview":"max-image-preview:large","max-video-preview":"max-video-preview:-1"},"canonical":"https:\/\/www.losmusicosdesualteza.com\/en\/mvsa\/","og_locale":"en_US","og_type":"article","og_title":"MVSA - Los M\u00fasicos De Su Alteza","og_description":"Los M\u00fasicos de Su Alteza Emotion, freshness and historical rigour define them. A finely balanced blend of research, intuition and imagination, based on the highest respect for the original work of the great masters of ... Read More","og_url":"https:\/\/www.losmusicosdesualteza.com\/en\/mvsa\/","og_site_name":"Los M\u00fasicos De Su Alteza","article_publisher":"https:\/\/www.facebook.com\/losmusicosdesualteza","article_modified_time":"2017-09-10T23:30:46+00:00","og_image":[{"url":"http:\/\/www.losmusicosdesualteza.com\/wp-content\/uploads\/2015\/12\/4-188x300.jpg","type":"","width":"","height":""}],"twitter_card":"summary_large_image","twitter_misc":{"Est. reading time":"17 minutes"},"schema":{"@context":"https:\/\/schema.org","@graph":[{"@type":"WebPage","@id":"https:\/\/www.losmusicosdesualteza.com\/en\/mvsa\/","url":"https:\/\/www.losmusicosdesualteza.com\/en\/mvsa\/","name":"MVSA - Los M\u00fasicos De Su Alteza","isPartOf":{"@id":"https:\/\/www.losmusicosdesualteza.com\/en\/#website"},"primaryImageOfPage":{"@id":"https:\/\/www.losmusicosdesualteza.com\/en\/mvsa\/#primaryimage"},"image":{"@id":"https:\/\/www.losmusicosdesualteza.com\/en\/mvsa\/#primaryimage"},"thumbnailUrl":"http:\/\/www.losmusicosdesualteza.com\/wp-content\/uploads\/2015\/12\/4-188x300.jpg","datePublished":"2015-02-18T21:43:07+00:00","dateModified":"2017-09-10T23:30:46+00:00","breadcrumb":{"@id":"https:\/\/www.losmusicosdesualteza.com\/en\/mvsa\/#breadcrumb"},"inLanguage":"en-US","potentialAction":[{"@type":"ReadAction","target":["https:\/\/www.losmusicosdesualteza.com\/en\/mvsa\/"]}]},{"@type":"ImageObject","inLanguage":"en-US","@id":"https:\/\/www.losmusicosdesualteza.com\/en\/mvsa\/#primaryimage","url":"http:\/\/www.losmusicosdesualteza.com\/wp-content\/uploads\/2015\/12\/4-188x300.jpg","contentUrl":"http:\/\/www.losmusicosdesualteza.com\/wp-content\/uploads\/2015\/12\/4-188x300.jpg"},{"@type":"BreadcrumbList","@id":"https:\/\/www.losmusicosdesualteza.com\/en\/mvsa\/#breadcrumb","itemListElement":[{"@type":"ListItem","position":1,"name":"Portada","item":"https:\/\/www.losmusicosdesualteza.com\/en\/"},{"@type":"ListItem","position":2,"name":"MVSA"}]},{"@type":"WebSite","@id":"https:\/\/www.losmusicosdesualteza.com\/en\/#website","url":"https:\/\/www.losmusicosdesualteza.com\/en\/","name":"Los M\u00fasicos De Su Alteza","description":"Los M\u00fasicos de Su Alteza - Luis Antonio Gonz\u00e1lez","publisher":{"@id":"https:\/\/www.losmusicosdesualteza.com\/en\/#organization"},"potentialAction":[{"@type":"SearchAction","target":{"@type":"EntryPoint","urlTemplate":"https:\/\/www.losmusicosdesualteza.com\/en\/?s={search_term_string}"},"query-input":{"@type":"PropertyValueSpecification","valueRequired":true,"valueName":"search_term_string"}}],"inLanguage":"en-US"},{"@type":"Organization","@id":"https:\/\/www.losmusicosdesualteza.com\/en\/#organization","name":"Los M\u00fasicos De Su Alteza","url":"https:\/\/www.losmusicosdesualteza.com\/en\/","logo":{"@type":"ImageObject","inLanguage":"en-US","@id":"https:\/\/www.losmusicosdesualteza.com\/en\/#\/schema\/logo\/image\/","url":"https:\/\/www.losmusicosdesualteza.com\/wp-content\/uploads\/2015\/12\/Logo-MVSA.png","contentUrl":"https:\/\/www.losmusicosdesualteza.com\/wp-content\/uploads\/2015\/12\/Logo-MVSA.png","width":450,"height":405,"caption":"Los M\u00fasicos De Su Alteza"},"image":{"@id":"https:\/\/www.losmusicosdesualteza.com\/en\/#\/schema\/logo\/image\/"},"sameAs":["https:\/\/www.facebook.com\/losmusicosdesualteza","https:\/\/www.instagram.com\/losmusicosdesualteza"]}]}},"_links":{"self":[{"href":"https:\/\/www.losmusicosdesualteza.com\/en\/wp-json\/wp\/v2\/pages\/1085","targetHints":{"allow":["GET"]}}],"collection":[{"href":"https:\/\/www.losmusicosdesualteza.com\/en\/wp-json\/wp\/v2\/pages"}],"about":[{"href":"https:\/\/www.losmusicosdesualteza.com\/en\/wp-json\/wp\/v2\/types\/page"}],"author":[{"embeddable":true,"href":"https:\/\/www.losmusicosdesualteza.com\/en\/wp-json\/wp\/v2\/users\/1"}],"replies":[{"embeddable":true,"href":"https:\/\/www.losmusicosdesualteza.com\/en\/wp-json\/wp\/v2\/comments?post=1085"}],"version-history":[{"count":12,"href":"https:\/\/www.losmusicosdesualteza.com\/en\/wp-json\/wp\/v2\/pages\/1085\/revisions"}],"predecessor-version":[{"id":2358,"href":"https:\/\/www.losmusicosdesualteza.com\/en\/wp-json\/wp\/v2\/pages\/1085\/revisions\/2358"}],"wp:attachment":[{"href":"https:\/\/www.losmusicosdesualteza.com\/en\/wp-json\/wp\/v2\/media?parent=1085"}],"curies":[{"name":"wp","href":"https:\/\/api.w.org\/{rel}","templated":true}]}}