{"id":1120,"date":"2015-02-18T21:44:49","date_gmt":"2015-02-18T21:44:49","guid":{"rendered":"http:\/\/www.losmusicosdesualteza.com\/?page_id=1120"},"modified":"2016-02-22T22:44:37","modified_gmt":"2016-02-22T22:44:37","slug":"contact","status":"publish","type":"page","link":"https:\/\/www.losmusicosdesualteza.com\/en\/contact\/","title":{"rendered":"Contact"},"content":{"rendered":"<div id=\"x-section-1\" class=\"x-section\" style=\"margin: 34px 0px 0px; padding: 40px 0px 45px;  background-color: transparent;\" ><div id=\"\" class=\"x-container   max width\" style=\"margin: 0px auto; padding: 0px; \" ><div  class=\"x-column x-sm x-1-2\" style=\"padding: 0px; \" ><div id=\"\" class=\"x-text\" style=\"\" ><h5>Contact form<\/h5>\n<\/div><hr  class=\"x-gap\" style=\"margin: 10px 0 0 0;\">\n<div class=\"wpcf7 no-js\" id=\"wpcf7-f1148-o1\" lang=\"es-ES\" dir=\"ltr\" data-wpcf7-id=\"1148\">\n<div class=\"screen-reader-response\"><p role=\"status\" aria-live=\"polite\" aria-atomic=\"true\"><\/p> <ul><\/ul><\/div>\n<form action=\"\/en\/wp-json\/wp\/v2\/pages\/1120#wpcf7-f1148-o1\" method=\"post\" class=\"wpcf7-form init\" aria-label=\"Formulario de contacto\" novalidate=\"novalidate\" data-status=\"init\">\n<fieldset class=\"hidden-fields-container\"><input type=\"hidden\" name=\"_wpcf7\" value=\"1148\" \/><input type=\"hidden\" name=\"_wpcf7_version\" value=\"6.1.5\" \/><input type=\"hidden\" name=\"_wpcf7_locale\" value=\"es_ES\" \/><input type=\"hidden\" name=\"_wpcf7_unit_tag\" value=\"wpcf7-f1148-o1\" \/><input type=\"hidden\" name=\"_wpcf7_container_post\" value=\"0\" \/><input type=\"hidden\" name=\"_wpcf7_posted_data_hash\" value=\"\" \/><input type=\"hidden\" name=\"_wpcf7_recaptcha_response\" value=\"\" \/>\n<\/fieldset>\n<p>Name (required)\n<\/p>\n<p><span class=\"wpcf7-form-control-wrap\" data-name=\"your-name\"><input size=\"40\" maxlength=\"400\" class=\"wpcf7-form-control wpcf7-text wpcf7-validates-as-required\" aria-required=\"true\" aria-invalid=\"false\" value=\"\" type=\"text\" name=\"your-name\" \/><\/span>\n<\/p>\n<p>email (required)\n<\/p>\n<p><span class=\"wpcf7-form-control-wrap\" data-name=\"your-email\"><input size=\"40\" maxlength=\"400\" class=\"wpcf7-form-control wpcf7-email wpcf7-validates-as-required wpcf7-text wpcf7-validates-as-email\" aria-required=\"true\" aria-invalid=\"false\" value=\"\" type=\"email\" name=\"your-email\" \/><\/span>\n<\/p>\n<p>Message\n<\/p>\n<p><span class=\"wpcf7-form-control-wrap\" data-name=\"your-message\"><textarea cols=\"40\" rows=\"10\" maxlength=\"2000\" class=\"wpcf7-form-control wpcf7-textarea\" aria-invalid=\"false\" name=\"your-message\"><\/textarea><\/span>\n<\/p>\n\n<p><input class=\"wpcf7-form-control wpcf7-submit has-spinner\" type=\"submit\" value=\"Submit\" \/>\n<\/p><div class=\"wpcf7-response-output\" aria-hidden=\"true\"><\/div>\n<\/form>\n<\/div>\n<\/div><div  class=\"x-column x-sm x-1-2\" style=\"padding: 0px 0px 60px; \" ><hr  class=\"x-gap\" style=\"margin: 35px 0 0 0;\"><img decoding=\"async\"  class=\"x-img x-img-none\"  src=\"http:\/\/www.losmusicosdesualteza.com\/wp-content\/uploads\/2015\/12\/contacto.jpg\" ><div  class=\"x-widget-area\" ><\/div><\/div><\/div><\/div>\n","protected":false},"excerpt":{"rendered":"","protected":false},"author":1,"featured_media":0,"parent":0,"menu_order":0,"comment_status":"closed","ping_status":"closed","template":"template-blank-1.php","meta":{"rs_blank_template":"","rs_page_bg_color":"","slide_template_v7":"","footnotes":""},"class_list":["post-1120","page","type-page","status-publish","hentry","no-post-thumbnail"],"yoast_head":"<!-- This site is optimized with the Yoast SEO plugin v27.5 - https:\/\/yoast.com\/product\/yoast-seo-wordpress\/ -->\n<title>Contact - Los M\u00fasicos De Su Alteza<\/title>\n<meta name=\"robots\" content=\"index, follow, max-snippet:-1, max-image-preview:large, max-video-preview:-1\" \/>\n<link rel=\"canonical\" href=\"https:\/\/www.losmusicosdesualteza.com\/en\/contact\/\" \/>\n<meta property=\"og:locale\" content=\"en_US\" \/>\n<meta property=\"og:type\" content=\"article\" \/>\n<meta property=\"og:title\" content=\"Contact - Los M\u00fasicos De Su Alteza\" \/>\n<meta property=\"og:url\" content=\"https:\/\/www.losmusicosdesualteza.com\/en\/contact\/\" \/>\n<meta property=\"og:site_name\" content=\"Los M\u00fasicos De Su Alteza\" \/>\n<meta property=\"article:publisher\" content=\"https:\/\/www.facebook.com\/losmusicosdesualteza\" \/>\n<meta property=\"article:modified_time\" content=\"2016-02-22T22:44:37+00:00\" \/>\n<meta name=\"twitter:card\" content=\"summary_large_image\" \/>\n<meta name=\"twitter:label1\" content=\"Est. reading time\" \/>\n\t<meta name=\"twitter:data1\" content=\"1 minute\" \/>\n<script type=\"application\/ld+json\" class=\"yoast-schema-graph\">{\"@context\":\"https:\\\/\\\/schema.org\",\"@graph\":[{\"@type\":\"WebPage\",\"@id\":\"https:\\\/\\\/www.losmusicosdesualteza.com\\\/en\\\/contact\\\/\",\"url\":\"https:\\\/\\\/www.losmusicosdesualteza.com\\\/en\\\/contact\\\/\",\"name\":\"Contact - Los M\u00fasicos De Su Alteza\",\"isPartOf\":{\"@id\":\"https:\\\/\\\/www.losmusicosdesualteza.com\\\/en\\\/#website\"},\"datePublished\":\"2015-02-18T21:44:49+00:00\",\"dateModified\":\"2016-02-22T22:44:37+00:00\",\"breadcrumb\":{\"@id\":\"https:\\\/\\\/www.losmusicosdesualteza.com\\\/en\\\/contact\\\/#breadcrumb\"},\"inLanguage\":\"en-US\",\"potentialAction\":[{\"@type\":\"ReadAction\",\"target\":[\"https:\\\/\\\/www.losmusicosdesualteza.com\\\/en\\\/contact\\\/\"]}]},{\"@type\":\"BreadcrumbList\",\"@id\":\"https:\\\/\\\/www.losmusicosdesualteza.com\\\/en\\\/contact\\\/#breadcrumb\",\"itemListElement\":[{\"@type\":\"ListItem\",\"position\":1,\"name\":\"Portada\",\"item\":\"https:\\\/\\\/www.losmusicosdesualteza.com\\\/en\\\/\"},{\"@type\":\"ListItem\",\"position\":2,\"name\":\"Contact\"}]},{\"@type\":\"WebSite\",\"@id\":\"https:\\\/\\\/www.losmusicosdesualteza.com\\\/en\\\/#website\",\"url\":\"https:\\\/\\\/www.losmusicosdesualteza.com\\\/en\\\/\",\"name\":\"Los M\u00fasicos De Su Alteza\",\"description\":\"Los M\u00fasicos de Su Alteza - Luis Antonio Gonz\u00e1lez\",\"publisher\":{\"@id\":\"https:\\\/\\\/www.losmusicosdesualteza.com\\\/en\\\/#organization\"},\"potentialAction\":[{\"@type\":\"SearchAction\",\"target\":{\"@type\":\"EntryPoint\",\"urlTemplate\":\"https:\\\/\\\/www.losmusicosdesualteza.com\\\/en\\\/?s={search_term_string}\"},\"query-input\":{\"@type\":\"PropertyValueSpecification\",\"valueRequired\":true,\"valueName\":\"search_term_string\"}}],\"inLanguage\":\"en-US\"},{\"@type\":\"Organization\",\"@id\":\"https:\\\/\\\/www.losmusicosdesualteza.com\\\/en\\\/#organization\",\"name\":\"Los M\u00fasicos De Su Alteza\",\"url\":\"https:\\\/\\\/www.losmusicosdesualteza.com\\\/en\\\/\",\"logo\":{\"@type\":\"ImageObject\",\"inLanguage\":\"en-US\",\"@id\":\"https:\\\/\\\/www.losmusicosdesualteza.com\\\/en\\\/#\\\/schema\\\/logo\\\/image\\\/\",\"url\":\"https:\\\/\\\/www.losmusicosdesualteza.com\\\/wp-content\\\/uploads\\\/2015\\\/12\\\/Logo-MVSA.png\",\"contentUrl\":\"https:\\\/\\\/www.losmusicosdesualteza.com\\\/wp-content\\\/uploads\\\/2015\\\/12\\\/Logo-MVSA.png\",\"width\":450,\"height\":405,\"caption\":\"Los M\u00fasicos De Su Alteza\"},\"image\":{\"@id\":\"https:\\\/\\\/www.losmusicosdesualteza.com\\\/en\\\/#\\\/schema\\\/logo\\\/image\\\/\"},\"sameAs\":[\"https:\\\/\\\/www.facebook.com\\\/losmusicosdesualteza\",\"https:\\\/\\\/www.instagram.com\\\/losmusicosdesualteza\"]}]}<\/script>\n<!-- \/ Yoast SEO plugin. -->","yoast_head_json":{"title":"Contact - Los M\u00fasicos De Su Alteza","robots":{"index":"index","follow":"follow","max-snippet":"max-snippet:-1","max-image-preview":"max-image-preview:large","max-video-preview":"max-video-preview:-1"},"canonical":"https:\/\/www.losmusicosdesualteza.com\/en\/contact\/","og_locale":"en_US","og_type":"article","og_title":"Contact - Los M\u00fasicos De Su Alteza","og_url":"https:\/\/www.losmusicosdesualteza.com\/en\/contact\/","og_site_name":"Los M\u00fasicos De Su Alteza","article_publisher":"https:\/\/www.facebook.com\/losmusicosdesualteza","article_modified_time":"2016-02-22T22:44:37+00:00","twitter_card":"summary_large_image","twitter_misc":{"Est. reading time":"1 minute"},"schema":{"@context":"https:\/\/schema.org","@graph":[{"@type":"WebPage","@id":"https:\/\/www.losmusicosdesualteza.com\/en\/contact\/","url":"https:\/\/www.losmusicosdesualteza.com\/en\/contact\/","name":"Contact - Los M\u00fasicos De Su Alteza","isPartOf":{"@id":"https:\/\/www.losmusicosdesualteza.com\/en\/#website"},"datePublished":"2015-02-18T21:44:49+00:00","dateModified":"2016-02-22T22:44:37+00:00","breadcrumb":{"@id":"https:\/\/www.losmusicosdesualteza.com\/en\/contact\/#breadcrumb"},"inLanguage":"en-US","potentialAction":[{"@type":"ReadAction","target":["https:\/\/www.losmusicosdesualteza.com\/en\/contact\/"]}]},{"@type":"BreadcrumbList","@id":"https:\/\/www.losmusicosdesualteza.com\/en\/contact\/#breadcrumb","itemListElement":[{"@type":"ListItem","position":1,"name":"Portada","item":"https:\/\/www.losmusicosdesualteza.com\/en\/"},{"@type":"ListItem","position":2,"name":"Contact"}]},{"@type":"WebSite","@id":"https:\/\/www.losmusicosdesualteza.com\/en\/#website","url":"https:\/\/www.losmusicosdesualteza.com\/en\/","name":"Los M\u00fasicos De Su Alteza","description":"Los M\u00fasicos de Su Alteza - Luis Antonio Gonz\u00e1lez","publisher":{"@id":"https:\/\/www.losmusicosdesualteza.com\/en\/#organization"},"potentialAction":[{"@type":"SearchAction","target":{"@type":"EntryPoint","urlTemplate":"https:\/\/www.losmusicosdesualteza.com\/en\/?s={search_term_string}"},"query-input":{"@type":"PropertyValueSpecification","valueRequired":true,"valueName":"search_term_string"}}],"inLanguage":"en-US"},{"@type":"Organization","@id":"https:\/\/www.losmusicosdesualteza.com\/en\/#organization","name":"Los M\u00fasicos De Su Alteza","url":"https:\/\/www.losmusicosdesualteza.com\/en\/","logo":{"@type":"ImageObject","inLanguage":"en-US","@id":"https:\/\/www.losmusicosdesualteza.com\/en\/#\/schema\/logo\/image\/","url":"https:\/\/www.losmusicosdesualteza.com\/wp-content\/uploads\/2015\/12\/Logo-MVSA.png","contentUrl":"https:\/\/www.losmusicosdesualteza.com\/wp-content\/uploads\/2015\/12\/Logo-MVSA.png","width":450,"height":405,"caption":"Los M\u00fasicos De Su Alteza"},"image":{"@id":"https:\/\/www.losmusicosdesualteza.com\/en\/#\/schema\/logo\/image\/"},"sameAs":["https:\/\/www.facebook.com\/losmusicosdesualteza","https:\/\/www.instagram.com\/losmusicosdesualteza"]}]}},"_links":{"self":[{"href":"https:\/\/www.losmusicosdesualteza.com\/en\/wp-json\/wp\/v2\/pages\/1120","targetHints":{"allow":["GET"]}}],"collection":[{"href":"https:\/\/www.losmusicosdesualteza.com\/en\/wp-json\/wp\/v2\/pages"}],"about":[{"href":"https:\/\/www.losmusicosdesualteza.com\/en\/wp-json\/wp\/v2\/types\/page"}],"author":[{"embeddable":true,"href":"https:\/\/www.losmusicosdesualteza.com\/en\/wp-json\/wp\/v2\/users\/1"}],"replies":[{"embeddable":true,"href":"https:\/\/www.losmusicosdesualteza.com\/en\/wp-json\/wp\/v2\/comments?post=1120"}],"version-history":[{"count":7,"href":"https:\/\/www.losmusicosdesualteza.com\/en\/wp-json\/wp\/v2\/pages\/1120\/revisions"}],"predecessor-version":[{"id":1272,"href":"https:\/\/www.losmusicosdesualteza.com\/en\/wp-json\/wp\/v2\/pages\/1120\/revisions\/1272"}],"wp:attachment":[{"href":"https:\/\/www.losmusicosdesualteza.com\/en\/wp-json\/wp\/v2\/media?parent=1120"}],"curies":[{"name":"wp","href":"https:\/\/api.w.org\/{rel}","templated":true}]}}