{"id":1886,"date":"2016-03-16T22:10:19","date_gmt":"2016-03-16T22:10:19","guid":{"rendered":"http:\/\/www.losmusicosdesualteza.com\/en\/imagenes\/"},"modified":"2016-03-29T09:46:13","modified_gmt":"2016-03-29T09:46:13","slug":"images","status":"publish","type":"page","link":"https:\/\/www.losmusicosdesualteza.com\/en\/images\/","title":{"rendered":"Im\u00e1genes"},"content":{"rendered":"<ul  class=\"x-block-grid four-up\" >\n<li  class=\"x-block-grid-item\" > <a  class=\"x-img my-second-portfolio x-img-link x-img-thumbnail\"  href=\"http:\/\/www.losmusicosdesualteza.com\/wp-content\/uploads\/2016\/03\/IMG_4328.jpg\" title=\"Arques-la-Bataille\"    data-options=\"thumbnail: 'http:\/\/www.losmusicosdesualteza.com\/wp-content\/uploads\/2016\/03\/IMG_4328.jpg'\"><img decoding=\"async\" src=\"http:\/\/www.losmusicosdesualteza.com\/wp-content\/uploads\/2016\/03\/IMG_4328.jpg\" alt=\"Arques-la-Bataille\"><\/a> <\/li>\n<li  class=\"x-block-grid-item\" > <a  class=\"x-img my-second-portfolio x-img-link x-img-thumbnail\"  href=\"http:\/\/www.losmusicosdesualteza.com\/wp-content\/uploads\/2016\/03\/Invalides.jpg\" title=\"Paris-Invalides\"    data-options=\"thumbnail: 'http:\/\/www.losmusicosdesualteza.com\/wp-content\/uploads\/2016\/03\/Invalides.jpg'\"><img decoding=\"async\" src=\"http:\/\/www.losmusicosdesualteza.com\/wp-content\/uploads\/2016\/03\/Invalides.jpg\" alt=\"Paris-Invalides\"><\/a> <\/li>\n<li  class=\"x-block-grid-item\" > <a  class=\"x-img my-second-portfolio x-img-link x-img-thumbnail\"  href=\"http:\/\/www.losmusicosdesualteza.com\/wp-content\/uploads\/2016\/03\/MG_6850.jpg\" title=\"Los M\u00fasicos 1\"    data-options=\"thumbnail: 'http:\/\/www.losmusicosdesualteza.com\/wp-content\/uploads\/2016\/03\/MG_6850.jpg'\"><img decoding=\"async\" src=\"http:\/\/www.losmusicosdesualteza.com\/wp-content\/uploads\/2016\/03\/MG_6850.jpg\" alt=\"Los M\u00fasicos 1\"><\/a> <\/li>\n<li  class=\"x-block-grid-item\" > <a  class=\"x-img my-second-portfolio x-img-link x-img-thumbnail\"  href=\"http:\/\/www.losmusicosdesualteza.com\/wp-content\/uploads\/2016\/02\/02.jpg\" title=\"Pedro Reula\"    data-options=\"thumbnail: 'http:\/\/www.losmusicosdesualteza.com\/wp-content\/uploads\/2016\/02\/02-1-300x188.jpg'\"><img decoding=\"async\" src=\"http:\/\/www.losmusicosdesualteza.com\/wp-content\/uploads\/2016\/02\/02-1-300x188.jpg\" alt=\"Pedro Reula\"><\/a> <\/li>\n<li  class=\"x-block-grid-item\" > <a  class=\"x-img my-second-portfolio x-img-link x-img-thumbnail\"  href=\"http:\/\/www.losmusicosdesualteza.com\/wp-content\/uploads\/2016\/02\/01.jpg\" title=\"Pablo Prieto &amp; Eduardo Fenoll\"    data-options=\"thumbnail: 'http:\/\/www.losmusicosdesualteza.com\/wp-content\/uploads\/2016\/02\/01-1-300x188.jpg'\"><img decoding=\"async\" src=\"http:\/\/www.losmusicosdesualteza.com\/wp-content\/uploads\/2016\/02\/01-1-300x188.jpg\" alt=\"Pablo Prieto &amp; Eduardo Fenoll\"><\/a> <\/li>\n<li  class=\"x-block-grid-item\" > <a  class=\"x-img my-second-portfolio x-img-link x-img-thumbnail\"  href=\"http:\/\/www.losmusicosdesualteza.com\/wp-content\/uploads\/2016\/02\/04.jpg\" title=\"Luis Antonio Gonz\u00e1lez\"    data-options=\"thumbnail: 'http:\/\/www.losmusicosdesualteza.com\/wp-content\/uploads\/2016\/02\/04-1-300x188.jpg'\"><img decoding=\"async\" src=\"http:\/\/www.losmusicosdesualteza.com\/wp-content\/uploads\/2016\/02\/04-1-300x188.jpg\" alt=\"Luis Antonio Gonz\u00e1lez\"><\/a> <\/li>\n<li  class=\"x-block-grid-item\" > <a  class=\"x-img my-second-portfolio x-img-link x-img-thumbnail\"  href=\"http:\/\/www.losmusicosdesualteza.com\/wp-content\/uploads\/2016\/03\/Arques-2010r.jpg\" title=\"Arques-2010'r\"    data-options=\"thumbnail: 'http:\/\/www.losmusicosdesualteza.com\/wp-content\/uploads\/2016\/03\/Arques-2010r.jpg'\"><img decoding=\"async\" src=\"http:\/\/www.losmusicosdesualteza.com\/wp-content\/uploads\/2016\/03\/Arques-2010r.jpg\" alt=\"Arques-2010'r\"><\/a> <\/li>\n<li  class=\"x-block-grid-item\" > <a  class=\"x-img my-second-portfolio x-img-link x-img-thumbnail\"  href=\"http:\/\/www.losmusicosdesualteza.com\/wp-content\/uploads\/2016\/02\/03.jpg\" title=\"Olalla Alem\u00e1n\"    data-options=\"thumbnail: 'http:\/\/www.losmusicosdesualteza.com\/wp-content\/uploads\/2016\/02\/03-1-300x188.jpg'\"><img decoding=\"async\" src=\"http:\/\/www.losmusicosdesualteza.com\/wp-content\/uploads\/2016\/02\/03-1-300x188.jpg\" alt=\"Olalla Alem\u00e1n\"><\/a> <\/li>\n<li  class=\"x-block-grid-item\" > <a  class=\"x-img my-second-portfolio x-img-link x-img-thumbnail\"  href=\"http:\/\/www.losmusicosdesualteza.com\/wp-content\/uploads\/2016\/02\/06.jpg\" title=\"Josep Maria Mart\u00ed\"    data-options=\"thumbnail: 'http:\/\/www.losmusicosdesualteza.com\/wp-content\/uploads\/2016\/02\/06-1-300x188.jpg'\"><img decoding=\"async\" src=\"http:\/\/www.losmusicosdesualteza.com\/wp-content\/uploads\/2016\/02\/06-1-300x188.jpg\" alt=\"Josep Maria Mart\u00ed\"><\/a> <\/li>\n<li  class=\"x-block-grid-item\" > <a  class=\"x-img my-second-portfolio x-img-link x-img-thumbnail\"  href=\"http:\/\/www.losmusicosdesualteza.com\/wp-content\/uploads\/2016\/02\/07.jpg\" title=\"Jos\u00e9 Pizarro\"    data-options=\"thumbnail: 'http:\/\/www.losmusicosdesualteza.com\/wp-content\/uploads\/2016\/02\/07-1-300x188.jpg'\"><img decoding=\"async\" src=\"http:\/\/www.losmusicosdesualteza.com\/wp-content\/uploads\/2016\/02\/07-1-300x188.jpg\" alt=\"Jos\u00e9 Pizarro\"><\/a> <\/li>\n<li  class=\"x-block-grid-item\" > <a  class=\"x-img my-second-portfolio x-img-link x-img-thumbnail\"  href=\"http:\/\/www.losmusicosdesualteza.com\/wp-content\/uploads\/2016\/02\/12.jpg\" title=\"Alfonso Sebasti\u00e1n\"    data-options=\"thumbnail: 'http:\/\/www.losmusicosdesualteza.com\/wp-content\/uploads\/2016\/02\/12-1-300x188.jpg'\"><img decoding=\"async\" src=\"http:\/\/www.losmusicosdesualteza.com\/wp-content\/uploads\/2016\/02\/12-1-300x188.jpg\" alt=\"Alfonso Sebasti\u00e1n\"><\/a> <\/li>\n<li  class=\"x-block-grid-item\" > <a  class=\"x-img my-second-portfolio x-img-link x-img-thumbnail\"  href=\"http:\/\/www.losmusicosdesualteza.com\/wp-content\/uploads\/2016\/03\/IMG_9457.jpg\" title=\"Eugenia Boix\"    data-options=\"thumbnail: 'http:\/\/www.losmusicosdesualteza.com\/wp-content\/uploads\/2016\/03\/IMG_9457.jpg'\"><img decoding=\"async\" src=\"http:\/\/www.losmusicosdesualteza.com\/wp-content\/uploads\/2016\/03\/IMG_9457.jpg\" alt=\"Eugenia Boix\"><\/a> <\/li>\n<li  class=\"x-block-grid-item\" > <a  class=\"x-img my-second-portfolio x-img-link x-img-thumbnail\"  href=\"http:\/\/www.losmusicosdesualteza.com\/wp-content\/uploads\/2016\/03\/LMdSA-Daroca-2010.jpg\" title=\"Daroca 2010\"    data-options=\"thumbnail: 'http:\/\/www.losmusicosdesualteza.com\/wp-content\/uploads\/2016\/03\/LMdSA-Daroca-2010.jpg'\"><img decoding=\"async\" src=\"http:\/\/www.losmusicosdesualteza.com\/wp-content\/uploads\/2016\/03\/LMdSA-Daroca-2010.jpg\" alt=\"Daroca 2010\"><\/a> <\/li>\n<li  class=\"x-block-grid-item\" > <a  class=\"x-img my-second-portfolio x-img-link x-img-thumbnail\"  href=\"http:\/\/www.losmusicosdesualteza.com\/wp-content\/uploads\/2015\/12\/7.jpg\" title=\"Ensayo\"    data-options=\"thumbnail: 'http:\/\/www.losmusicosdesualteza.com\/wp-content\/uploads\/2015\/12\/7.jpg'\"><img decoding=\"async\" src=\"http:\/\/www.losmusicosdesualteza.com\/wp-content\/uploads\/2015\/12\/7.jpg\" alt=\"Ensayo\"><\/a> <\/li>\n<li  class=\"x-block-grid-item\" > <a  class=\"x-img my-second-portfolio x-img-link x-img-thumbnail\"  href=\"http:\/\/www.losmusicosdesualteza.com\/wp-content\/uploads\/2016\/02\/08.jpg\" title=\"Roger Azcona\"    data-options=\"thumbnail: 'http:\/\/www.losmusicosdesualteza.com\/wp-content\/uploads\/2016\/02\/08-1-300x188.jpg'\"><img decoding=\"async\" src=\"http:\/\/www.losmusicosdesualteza.com\/wp-content\/uploads\/2016\/02\/08-1-300x188.jpg\" alt=\"Roger Azcona\"><\/a> <\/li>\n<li  class=\"x-block-grid-item\" > <a  class=\"x-img my-second-portfolio x-img-link x-img-thumbnail\"  href=\"http:\/\/www.losmusicosdesualteza.com\/wp-content\/uploads\/2016\/03\/IMG_9345.jpg\" title=\"Monteverdi\"    data-options=\"thumbnail: 'http:\/\/www.losmusicosdesualteza.com\/wp-content\/uploads\/2016\/03\/IMG_9345.jpg'\"><img decoding=\"async\" src=\"http:\/\/www.losmusicosdesualteza.com\/wp-content\/uploads\/2016\/03\/IMG_9345.jpg\" alt=\"Monteverdi\"><\/a> <\/li>\n<li  class=\"x-block-grid-item\" > <a  class=\"x-img my-second-portfolio x-img-link x-img-thumbnail\"  href=\"http:\/\/www.losmusicosdesualteza.com\/wp-content\/uploads\/2016\/02\/10.jpg\" title=\"Joaquim Guerra, Pepa Megina &amp; Francisco J. Gil\"    data-options=\"thumbnail: 'http:\/\/www.losmusicosdesualteza.com\/wp-content\/uploads\/2016\/02\/10-1-300x188.jpg'\"><img decoding=\"async\" src=\"http:\/\/www.losmusicosdesualteza.com\/wp-content\/uploads\/2016\/02\/10-1-300x188.jpg\" alt=\"Joaquim Guerra, Pepa Megina &amp; Francisco J. Gil\"><\/a> <\/li>\n<li  class=\"x-block-grid-item\" > <a  class=\"x-img my-second-portfolio x-img-link x-img-thumbnail\"  href=\"http:\/\/www.losmusicosdesualteza.com\/wp-content\/uploads\/2016\/03\/MG_0985.jpg\" title=\"La Seo 2006\"    data-options=\"thumbnail: 'http:\/\/www.losmusicosdesualteza.com\/wp-content\/uploads\/2016\/03\/MG_0985.jpg'\"><img decoding=\"async\" src=\"http:\/\/www.losmusicosdesualteza.com\/wp-content\/uploads\/2016\/03\/MG_0985.jpg\" alt=\"La Seo 2006\"><\/a> <\/li>\n<li  class=\"x-block-grid-item\" > <a  class=\"x-img my-second-portfolio x-img-link x-img-thumbnail\"  href=\"http:\/\/www.losmusicosdesualteza.com\/wp-content\/uploads\/2016\/03\/IMG_5336r.jpg\" title=\"Olalla Alem\u00e1n\"    data-options=\"thumbnail: 'http:\/\/www.losmusicosdesualteza.com\/wp-content\/uploads\/2016\/03\/IMG_5336r.jpg'\"><img decoding=\"async\" src=\"http:\/\/www.losmusicosdesualteza.com\/wp-content\/uploads\/2016\/03\/IMG_5336r.jpg\" alt=\"Olalla Alem\u00e1n\"><\/a> <\/li>\n<li  class=\"x-block-grid-item\" > <a  class=\"x-img my-second-portfolio x-img-link x-img-thumbnail\"  href=\"http:\/\/www.losmusicosdesualteza.com\/wp-content\/uploads\/2016\/03\/IMG_7685.jpg\" title=\"Sor\u00e8ze\"    data-options=\"thumbnail: 'http:\/\/www.losmusicosdesualteza.com\/wp-content\/uploads\/2016\/03\/IMG_7685.jpg'\"><img decoding=\"async\" src=\"http:\/\/www.losmusicosdesualteza.com\/wp-content\/uploads\/2016\/03\/IMG_7685.jpg\" alt=\"Sor\u00e8ze\"><\/a> <\/li>\n<li  class=\"x-block-grid-item\" > <a  class=\"x-img my-second-portfolio x-img-link x-img-thumbnail\"  href=\"http:\/\/www.losmusicosdesualteza.com\/wp-content\/uploads\/2016\/02\/11.jpg\" title=\"Natan Paruzel &amp; Juan Luis Arcos\"    data-options=\"thumbnail: 'http:\/\/www.losmusicosdesualteza.com\/wp-content\/uploads\/2016\/02\/11-1-300x188.jpg'\"><img decoding=\"async\" src=\"http:\/\/www.losmusicosdesualteza.com\/wp-content\/uploads\/2016\/02\/11-1-300x188.jpg\" alt=\"Natan Paruzel &amp; Juan Luis Arcos\"><\/a> <\/li>\n<li  class=\"x-block-grid-item\" > <a  class=\"x-img my-second-portfolio x-img-link x-img-thumbnail\"  href=\"http:\/\/www.losmusicosdesualteza.com\/wp-content\/uploads\/2016\/03\/JCG6696.jpg\" title=\"Monteverdi\"    data-options=\"thumbnail: 'http:\/\/www.losmusicosdesualteza.com\/wp-content\/uploads\/2016\/03\/JCG6696.jpg'\"><img decoding=\"async\" src=\"http:\/\/www.losmusicosdesualteza.com\/wp-content\/uploads\/2016\/03\/JCG6696.jpg\" alt=\"Monteverdi\"><\/a> <\/li>\n<\/ul>\n<span id=\"x-lightbox-1\" data-x-element-lightbox=\"{&quot;selector&quot;:&quot;.my-second-portfolio&quot;,&quot;deeplink&quot;:true,&quot;opacity&quot;:&quot;0.5&quot;,&quot;prevScale&quot;:&quot;0.75&quot;,&quot;prevOpacity&quot;:&quot;0.75&quot;,&quot;nextScale&quot;:&quot;0.75&quot;,&quot;nextOpacity&quot;:&quot;0.65&quot;,&quot;orientation&quot;:&quot;vertical&quot;,&quot;thumbnails&quot;:false}\"><\/span>\n","protected":false},"excerpt":{"rendered":"","protected":false},"author":1,"featured_media":0,"parent":0,"menu_order":0,"comment_status":"closed","ping_status":"closed","template":"","meta":{"rs_blank_template":"","rs_page_bg_color":"","slide_template_v7":"","footnotes":""},"class_list":["post-1886","page","type-page","status-publish","hentry","no-post-thumbnail"],"yoast_head":"<!-- This site is optimized with the Yoast SEO plugin v27.5 - https:\/\/yoast.com\/product\/yoast-seo-wordpress\/ -->\n<title>Im\u00e1genes - Los M\u00fasicos De Su Alteza<\/title>\n<meta name=\"robots\" content=\"index, follow, max-snippet:-1, max-image-preview:large, max-video-preview:-1\" \/>\n<link rel=\"canonical\" href=\"https:\/\/www.losmusicosdesualteza.com\/en\/images\/\" \/>\n<meta property=\"og:locale\" content=\"en_US\" \/>\n<meta property=\"og:type\" content=\"article\" \/>\n<meta property=\"og:title\" content=\"Im\u00e1genes - Los M\u00fasicos De Su Alteza\" \/>\n<meta property=\"og:url\" content=\"https:\/\/www.losmusicosdesualteza.com\/en\/images\/\" \/>\n<meta property=\"og:site_name\" content=\"Los M\u00fasicos De Su Alteza\" \/>\n<meta property=\"article:publisher\" content=\"https:\/\/www.facebook.com\/losmusicosdesualteza\" \/>\n<meta property=\"article:modified_time\" content=\"2016-03-29T09:46:13+00:00\" \/>\n<meta name=\"twitter:card\" content=\"summary_large_image\" \/>\n<meta name=\"twitter:label1\" content=\"Est. reading time\" \/>\n\t<meta name=\"twitter:data1\" content=\"4 minutes\" \/>\n<script type=\"application\/ld+json\" class=\"yoast-schema-graph\">{\"@context\":\"https:\\\/\\\/schema.org\",\"@graph\":[{\"@type\":\"WebPage\",\"@id\":\"https:\\\/\\\/www.losmusicosdesualteza.com\\\/en\\\/images\\\/\",\"url\":\"https:\\\/\\\/www.losmusicosdesualteza.com\\\/en\\\/images\\\/\",\"name\":\"Im\u00e1genes - Los M\u00fasicos De Su Alteza\",\"isPartOf\":{\"@id\":\"https:\\\/\\\/www.losmusicosdesualteza.com\\\/en\\\/#website\"},\"datePublished\":\"2016-03-16T22:10:19+00:00\",\"dateModified\":\"2016-03-29T09:46:13+00:00\",\"breadcrumb\":{\"@id\":\"https:\\\/\\\/www.losmusicosdesualteza.com\\\/en\\\/images\\\/#breadcrumb\"},\"inLanguage\":\"en-US\",\"potentialAction\":[{\"@type\":\"ReadAction\",\"target\":[\"https:\\\/\\\/www.losmusicosdesualteza.com\\\/en\\\/images\\\/\"]}]},{\"@type\":\"BreadcrumbList\",\"@id\":\"https:\\\/\\\/www.losmusicosdesualteza.com\\\/en\\\/images\\\/#breadcrumb\",\"itemListElement\":[{\"@type\":\"ListItem\",\"position\":1,\"name\":\"Portada\",\"item\":\"https:\\\/\\\/www.losmusicosdesualteza.com\\\/en\\\/\"},{\"@type\":\"ListItem\",\"position\":2,\"name\":\"Im\u00e1genes\"}]},{\"@type\":\"WebSite\",\"@id\":\"https:\\\/\\\/www.losmusicosdesualteza.com\\\/en\\\/#website\",\"url\":\"https:\\\/\\\/www.losmusicosdesualteza.com\\\/en\\\/\",\"name\":\"Los M\u00fasicos De Su Alteza\",\"description\":\"Los M\u00fasicos de Su Alteza - Luis Antonio Gonz\u00e1lez\",\"publisher\":{\"@id\":\"https:\\\/\\\/www.losmusicosdesualteza.com\\\/en\\\/#organization\"},\"potentialAction\":[{\"@type\":\"SearchAction\",\"target\":{\"@type\":\"EntryPoint\",\"urlTemplate\":\"https:\\\/\\\/www.losmusicosdesualteza.com\\\/en\\\/?s={search_term_string}\"},\"query-input\":{\"@type\":\"PropertyValueSpecification\",\"valueRequired\":true,\"valueName\":\"search_term_string\"}}],\"inLanguage\":\"en-US\"},{\"@type\":\"Organization\",\"@id\":\"https:\\\/\\\/www.losmusicosdesualteza.com\\\/en\\\/#organization\",\"name\":\"Los M\u00fasicos De Su Alteza\",\"url\":\"https:\\\/\\\/www.losmusicosdesualteza.com\\\/en\\\/\",\"logo\":{\"@type\":\"ImageObject\",\"inLanguage\":\"en-US\",\"@id\":\"https:\\\/\\\/www.losmusicosdesualteza.com\\\/en\\\/#\\\/schema\\\/logo\\\/image\\\/\",\"url\":\"https:\\\/\\\/www.losmusicosdesualteza.com\\\/wp-content\\\/uploads\\\/2015\\\/12\\\/Logo-MVSA.png\",\"contentUrl\":\"https:\\\/\\\/www.losmusicosdesualteza.com\\\/wp-content\\\/uploads\\\/2015\\\/12\\\/Logo-MVSA.png\",\"width\":450,\"height\":405,\"caption\":\"Los M\u00fasicos De Su Alteza\"},\"image\":{\"@id\":\"https:\\\/\\\/www.losmusicosdesualteza.com\\\/en\\\/#\\\/schema\\\/logo\\\/image\\\/\"},\"sameAs\":[\"https:\\\/\\\/www.facebook.com\\\/losmusicosdesualteza\",\"https:\\\/\\\/www.instagram.com\\\/losmusicosdesualteza\"]}]}<\/script>\n<!-- \/ Yoast SEO plugin. -->","yoast_head_json":{"title":"Im\u00e1genes - Los M\u00fasicos De Su Alteza","robots":{"index":"index","follow":"follow","max-snippet":"max-snippet:-1","max-image-preview":"max-image-preview:large","max-video-preview":"max-video-preview:-1"},"canonical":"https:\/\/www.losmusicosdesualteza.com\/en\/images\/","og_locale":"en_US","og_type":"article","og_title":"Im\u00e1genes - Los M\u00fasicos De Su Alteza","og_url":"https:\/\/www.losmusicosdesualteza.com\/en\/images\/","og_site_name":"Los M\u00fasicos De Su Alteza","article_publisher":"https:\/\/www.facebook.com\/losmusicosdesualteza","article_modified_time":"2016-03-29T09:46:13+00:00","twitter_card":"summary_large_image","twitter_misc":{"Est. reading time":"4 minutes"},"schema":{"@context":"https:\/\/schema.org","@graph":[{"@type":"WebPage","@id":"https:\/\/www.losmusicosdesualteza.com\/en\/images\/","url":"https:\/\/www.losmusicosdesualteza.com\/en\/images\/","name":"Im\u00e1genes - Los M\u00fasicos De Su Alteza","isPartOf":{"@id":"https:\/\/www.losmusicosdesualteza.com\/en\/#website"},"datePublished":"2016-03-16T22:10:19+00:00","dateModified":"2016-03-29T09:46:13+00:00","breadcrumb":{"@id":"https:\/\/www.losmusicosdesualteza.com\/en\/images\/#breadcrumb"},"inLanguage":"en-US","potentialAction":[{"@type":"ReadAction","target":["https:\/\/www.losmusicosdesualteza.com\/en\/images\/"]}]},{"@type":"BreadcrumbList","@id":"https:\/\/www.losmusicosdesualteza.com\/en\/images\/#breadcrumb","itemListElement":[{"@type":"ListItem","position":1,"name":"Portada","item":"https:\/\/www.losmusicosdesualteza.com\/en\/"},{"@type":"ListItem","position":2,"name":"Im\u00e1genes"}]},{"@type":"WebSite","@id":"https:\/\/www.losmusicosdesualteza.com\/en\/#website","url":"https:\/\/www.losmusicosdesualteza.com\/en\/","name":"Los M\u00fasicos De Su Alteza","description":"Los M\u00fasicos de Su Alteza - Luis Antonio Gonz\u00e1lez","publisher":{"@id":"https:\/\/www.losmusicosdesualteza.com\/en\/#organization"},"potentialAction":[{"@type":"SearchAction","target":{"@type":"EntryPoint","urlTemplate":"https:\/\/www.losmusicosdesualteza.com\/en\/?s={search_term_string}"},"query-input":{"@type":"PropertyValueSpecification","valueRequired":true,"valueName":"search_term_string"}}],"inLanguage":"en-US"},{"@type":"Organization","@id":"https:\/\/www.losmusicosdesualteza.com\/en\/#organization","name":"Los M\u00fasicos De Su Alteza","url":"https:\/\/www.losmusicosdesualteza.com\/en\/","logo":{"@type":"ImageObject","inLanguage":"en-US","@id":"https:\/\/www.losmusicosdesualteza.com\/en\/#\/schema\/logo\/image\/","url":"https:\/\/www.losmusicosdesualteza.com\/wp-content\/uploads\/2015\/12\/Logo-MVSA.png","contentUrl":"https:\/\/www.losmusicosdesualteza.com\/wp-content\/uploads\/2015\/12\/Logo-MVSA.png","width":450,"height":405,"caption":"Los M\u00fasicos De Su Alteza"},"image":{"@id":"https:\/\/www.losmusicosdesualteza.com\/en\/#\/schema\/logo\/image\/"},"sameAs":["https:\/\/www.facebook.com\/losmusicosdesualteza","https:\/\/www.instagram.com\/losmusicosdesualteza"]}]}},"_links":{"self":[{"href":"https:\/\/www.losmusicosdesualteza.com\/en\/wp-json\/wp\/v2\/pages\/1886","targetHints":{"allow":["GET"]}}],"collection":[{"href":"https:\/\/www.losmusicosdesualteza.com\/en\/wp-json\/wp\/v2\/pages"}],"about":[{"href":"https:\/\/www.losmusicosdesualteza.com\/en\/wp-json\/wp\/v2\/types\/page"}],"author":[{"embeddable":true,"href":"https:\/\/www.losmusicosdesualteza.com\/en\/wp-json\/wp\/v2\/users\/1"}],"replies":[{"embeddable":true,"href":"https:\/\/www.losmusicosdesualteza.com\/en\/wp-json\/wp\/v2\/comments?post=1886"}],"version-history":[{"count":8,"href":"https:\/\/www.losmusicosdesualteza.com\/en\/wp-json\/wp\/v2\/pages\/1886\/revisions"}],"predecessor-version":[{"id":1956,"href":"https:\/\/www.losmusicosdesualteza.com\/en\/wp-json\/wp\/v2\/pages\/1886\/revisions\/1956"}],"wp:attachment":[{"href":"https:\/\/www.losmusicosdesualteza.com\/en\/wp-json\/wp\/v2\/media?parent=1886"}],"curies":[{"name":"wp","href":"https:\/\/api.w.org\/{rel}","templated":true}]}}